{"id":1524,"date":"2025-03-25T16:59:44","date_gmt":"2025-03-25T21:59:44","guid":{"rendered":"https:\/\/industrial.unitru.edu.pe\/?page_id=1524"},"modified":"2026-03-09T11:46:22","modified_gmt":"2026-03-09T16:46:22","slug":"malla-curricular","status":"publish","type":"page","link":"https:\/\/industrial.unitru.edu.pe\/index.php\/malla-curricular\/","title":{"rendered":"Malla curricular"},"content":{"rendered":"\t\t<div data-elementor-type=\"wp-post\" data-elementor-id=\"1524\" class=\"elementor elementor-1524\">\n\t\t\t\t\t\t<section class=\"elementor-section elementor-top-section elementor-element elementor-element-99db27b elementor-section-content-bottom elementor-section-boxed elementor-section-height-default elementor-section-height-default\" data-id=\"99db27b\" data-element_type=\"section\" data-settings=\"{&quot;background_background&quot;:&quot;classic&quot;}\">\n\t\t\t\t\t\t\t<div class=\"elementor-background-overlay\"><\/div>\n\t\t\t\t\t\t\t<div class=\"elementor-container elementor-column-gap-extended\">\n\t\t\t\t\t<div class=\"elementor-column elementor-col-100 elementor-top-column elementor-element elementor-element-7bfd155f\" data-id=\"7bfd155f\" data-element_type=\"column\">\n\t\t\t<div class=\"elementor-widget-wrap elementor-element-populated\">\n\t\t\t\t\t\t<div class=\"elementor-element elementor-element-341a1b19 elementor-widget elementor-widget-heading\" data-id=\"341a1b19\" data-element_type=\"widget\" data-widget_type=\"heading.default\">\n\t\t\t\t<div class=\"elementor-widget-container\">\n\t\t\t\t\t<h1 class=\"elementor-heading-title elementor-size-default\">Malla curricular<\/h1>\t\t\t\t<\/div>\n\t\t\t\t<\/div>\n\t\t\t\t\t<\/div>\n\t\t<\/div>\n\t\t\t\t\t<\/div>\n\t\t<\/section>\n\t\t\t\t<section class=\"elementor-section elementor-top-section elementor-element elementor-element-e8e4bc2 elementor-section-boxed elementor-section-height-default elementor-section-height-default\" data-id=\"e8e4bc2\" data-element_type=\"section\" data-settings=\"{&quot;background_background&quot;:&quot;classic&quot;}\">\n\t\t\t\t\t\t<div class=\"elementor-container elementor-column-gap-default\">\n\t\t\t\t\t<div class=\"elementor-column elementor-col-100 elementor-top-column elementor-element elementor-element-f13d203\" data-id=\"f13d203\" data-element_type=\"column\">\n\t\t\t<div class=\"elementor-widget-wrap elementor-element-populated\">\n\t\t\t\t\t\t<div class=\"elementor-element elementor-element-271e6ee3 elementor-widget elementor-widget-heading\" data-id=\"271e6ee3\" data-element_type=\"widget\" data-widget_type=\"heading.default\">\n\t\t\t\t<div class=\"elementor-widget-container\">\n\t\t\t\t\t<h2 class=\"elementor-heading-title elementor-size-default\">Cursos por ciclo<\/h2>\t\t\t\t<\/div>\n\t\t\t\t<\/div>\n\t\t\t\t<div class=\"elementor-element elementor-element-551d304 elementor-widget-divider--view-line elementor-widget elementor-widget-divider\" data-id=\"551d304\" data-element_type=\"widget\" data-widget_type=\"divider.default\">\n\t\t\t\t<div class=\"elementor-widget-container\">\n\t\t\t\t\t\t\t<div class=\"elementor-divider\">\n\t\t\t<span class=\"elementor-divider-separator\">\n\t\t\t\t\t\t<\/span>\n\t\t<\/div>\n\t\t\t\t\t\t<\/div>\n\t\t\t\t<\/div>\n\t\t\t\t\t<\/div>\n\t\t<\/div>\n\t\t\t\t\t<\/div>\n\t\t<\/section>\n\t\t<div class=\"elementor-element elementor-element-befb276 e-flex e-con-boxed e-con e-parent\" data-id=\"befb276\" data-element_type=\"container\">\n\t\t\t\t\t<div class=\"e-con-inner\">\n\t\t<div class=\"elementor-element elementor-element-233276d e-con-full e-flex e-con e-child\" data-id=\"233276d\" data-element_type=\"container\">\n\t\t\t\t<div class=\"elementor-element elementor-element-e91050f elementor-widget elementor-widget-text-editor\" data-id=\"e91050f\" data-element_type=\"widget\" data-widget_type=\"text-editor.default\">\n\t\t\t\t<div class=\"elementor-widget-container\">\n\t\t\t\t\t\t\t\t\t<p style=\"text-align: center;\"><strong>I CICLO<\/strong><\/p><ul><li><span style=\"font-size: 16px;\">INTRODUCCION A LA INGENIERIA INDUSTRIAL<\/span><\/li><li>EXPRESION GRAFICA EN INGENIERIA<\/li><li>DESARROLLO PERSONAL<\/li><li>DESARROLLO DEL PENSAMIENTO L\u00d3GICO MATEM\u00c1TICO<\/li><li>LECTURA CR\u00cdTICA Y REDACCI\u00d3N DE TEXTOS ACAD\u00c9MICOS<\/li><li>INTRODUCCION AL ANALISIS MATEMATICO<\/li><li>QU\u00cdMICA GENERAL<\/li><li>TALLER DE TECNICAS DE COMUNICACION EFICAZ<\/li><li>TALLER DE M\u00daSICA<\/li><li>TALLER DE LIDERAZGO Y TRABAJO EN EQUIPO<\/li><li>TALLER DE DEPORTE<\/li><li>TALLER DE TEATRO<\/li><\/ul>\t\t\t\t\t\t\t\t<\/div>\n\t\t\t\t<\/div>\n\t\t\t\t<\/div>\n\t\t<div class=\"elementor-element elementor-element-a009427 e-con-full e-flex e-con e-child\" data-id=\"a009427\" data-element_type=\"container\">\n\t\t\t\t<div class=\"elementor-element elementor-element-c37ae17 elementor-widget elementor-widget-text-editor\" data-id=\"c37ae17\" data-element_type=\"widget\" data-widget_type=\"text-editor.default\">\n\t\t\t\t<div class=\"elementor-widget-container\">\n\t\t\t\t\t\t\t\t\t<p style=\"text-align: center;\"><strong>II CICLO<\/strong><\/p><ul><li>ALGEBRA LINEAL<\/li><li>SOCIEDAD CULTURA Y ECOLOG\u00cdA<\/li><li>CULTURA INVESTIGATIVA Y PENSAMIENTO CR\u00cdTICO<\/li><li>ETICA, CONVIVENCIA HUMANA Y CIUDADAN\u00cdA<\/li><li>AN\u00c1LISIS MATEM\u00c1TICO<\/li><li>F\u00cdSICA GENERAL<\/li><li>TALLER DE MANEJO DE TIC<\/li><li>TALLER DE DANZAS FOLCL\u00d3RICAS<\/li><li>TALLER DE DEPORTE<\/li><li>TALLER DE M\u00daSICA<\/li><\/ul>\t\t\t\t\t\t\t\t<\/div>\n\t\t\t\t<\/div>\n\t\t\t\t<\/div>\n\t\t<div class=\"elementor-element elementor-element-2935cb5 e-con-full e-flex e-con e-child\" data-id=\"2935cb5\" data-element_type=\"container\">\n\t\t\t\t<div class=\"elementor-element elementor-element-35171da elementor-widget elementor-widget-text-editor\" data-id=\"35171da\" data-element_type=\"widget\" data-widget_type=\"text-editor.default\">\n\t\t\t\t<div class=\"elementor-widget-container\">\n\t\t\t\t\t\t\t\t\t<p style=\"text-align: center;\"><strong>III CICLO<\/strong><\/p><ul><li>DISE\u00d1O DE INGENIER\u00cdA I<\/li><li>QU\u00cdMICA INDUSTRIAL<\/li><li>F\u00cdSICA GENERAL II<\/li><li>AN\u00c1LISIS MATEM\u00c1TICO II<\/li><li>LENGUAJES DE PROGRAMACI\u00d3N<\/li><li>MICROECONOM\u00cdA<\/li><\/ul>\t\t\t\t\t\t\t\t<\/div>\n\t\t\t\t<\/div>\n\t\t\t\t<\/div>\n\t\t<div class=\"elementor-element elementor-element-24b5b95 e-con-full e-flex e-con e-child\" data-id=\"24b5b95\" data-element_type=\"container\">\n\t\t\t\t<div class=\"elementor-element elementor-element-1b68258 elementor-widget elementor-widget-text-editor\" data-id=\"1b68258\" data-element_type=\"widget\" data-widget_type=\"text-editor.default\">\n\t\t\t\t<div class=\"elementor-widget-container\">\n\t\t\t\t\t\t\t\t\t<p style=\"text-align: center;\"><strong>IV CICLO<\/strong><\/p><ul><li>DISE\u00d1O DE INGENIER\u00cdA II<\/li><li>ESTAD\u00cdSTICA I<\/li><li>MECANICA DE SOLIDOS<\/li><li>ECUACIONES DIFERENCIALES<\/li><li>MACROECONOM\u00cdA<\/li><li>TERMODIN\u00c1MICA<\/li><\/ul>\t\t\t\t\t\t\t\t<\/div>\n\t\t\t\t<\/div>\n\t\t\t\t<\/div>\n\t\t\t\t\t<\/div>\n\t\t\t\t<\/div>\n\t\t<div class=\"elementor-element elementor-element-3768867 e-flex e-con-boxed e-con e-parent\" data-id=\"3768867\" data-element_type=\"container\">\n\t\t\t\t\t<div class=\"e-con-inner\">\n\t\t\t\t<div class=\"elementor-element elementor-element-5d0a032 elementor-widget-divider--view-line elementor-widget elementor-widget-divider\" data-id=\"5d0a032\" data-element_type=\"widget\" data-widget_type=\"divider.default\">\n\t\t\t\t<div class=\"elementor-widget-container\">\n\t\t\t\t\t\t\t<div class=\"elementor-divider\">\n\t\t\t<span class=\"elementor-divider-separator\">\n\t\t\t\t\t\t<\/span>\n\t\t<\/div>\n\t\t\t\t\t\t<\/div>\n\t\t\t\t<\/div>\n\t\t\t\t\t<\/div>\n\t\t\t\t<\/div>\n\t\t<div class=\"elementor-element elementor-element-5f00b1b e-flex e-con-boxed e-con e-parent\" data-id=\"5f00b1b\" data-element_type=\"container\">\n\t\t\t\t\t<div class=\"e-con-inner\">\n\t\t<div class=\"elementor-element elementor-element-6b4ec30 e-con-full e-flex e-con e-child\" data-id=\"6b4ec30\" data-element_type=\"container\">\n\t\t\t\t<div class=\"elementor-element elementor-element-960e236 elementor-widget elementor-widget-text-editor\" data-id=\"960e236\" data-element_type=\"widget\" data-widget_type=\"text-editor.default\">\n\t\t\t\t<div class=\"elementor-widget-container\">\n\t\t\t\t\t\t\t\t\t<p style=\"text-align: center;\"><strong>V CICLO<\/strong><\/p><ul><li>INGENIER\u00cdA EL\u00c9CTRICA INDUSTRIAL<\/li><li>ESTAD\u00cdSTICA II<\/li><li>METODOLOG\u00cdA DE LA INVESTIGACI\u00d3N<\/li><li>MATERIALES INDUSTRIALES<\/li><li>CONTABILIDAD EMPRESARIAL<\/li><li>OPERACIONES Y PROCESOS UNITARIOS<\/li><li>EL SOCIOLOG\u00cdA<\/li><li>EL COMPORTAMIENTO ORGANIZACIONAL<\/li><\/ul>\t\t\t\t\t\t\t\t<\/div>\n\t\t\t\t<\/div>\n\t\t\t\t<\/div>\n\t\t<div class=\"elementor-element elementor-element-4dcc20f e-con-full e-flex e-con e-child\" data-id=\"4dcc20f\" data-element_type=\"container\">\n\t\t\t\t<div class=\"elementor-element elementor-element-9d6f71a elementor-widget elementor-widget-text-editor\" data-id=\"9d6f71a\" data-element_type=\"widget\" data-widget_type=\"text-editor.default\">\n\t\t\t\t<div class=\"elementor-widget-container\">\n\t\t\t\t\t\t\t\t\t<p style=\"text-align: center;\"><strong>VI CICLO<\/strong><\/p><ul><li>ESTUDIO DE TRABAJO I<\/li><li>INVESTIGACI\u00d3N DE MERCADOS<\/li><li>MAQUINARIAS Y EQUIPOS INDUSTRIALES<\/li><li>BASE DE DATOS<\/li><li>COSTOS INDUSTRIALES<\/li><li>PROCESOS INDUSTRIALES<\/li><li>M\u00c9TODOS NUM\u00c9RICOS COMPUTACIONALES<\/li><li>RESPONSABILIDAD SOCIAL CORPORATIVA<\/li><li>LEGISLACI\u00d3N EMPRESARIAL<\/li><\/ul>\t\t\t\t\t\t\t\t<\/div>\n\t\t\t\t<\/div>\n\t\t\t\t<\/div>\n\t\t<div class=\"elementor-element elementor-element-0198f24 e-con-full e-flex e-con e-child\" data-id=\"0198f24\" data-element_type=\"container\">\n\t\t\t\t<div class=\"elementor-element elementor-element-bcf6276 elementor-widget elementor-widget-text-editor\" data-id=\"bcf6276\" data-element_type=\"widget\" data-widget_type=\"text-editor.default\">\n\t\t\t\t<div class=\"elementor-widget-container\">\n\t\t\t\t\t\t\t\t\t<p style=\"text-align: center;\"><strong>VII CICLO<\/strong><\/p><ul><li>MARKETING<\/li><li>INVESTIGACI\u00d3N DE OPERACIONES I<\/li><li>SEGURIDAD Y SALUD OCUPACIONAL<\/li><li>ESTUDIO DEL TRABAJO II<\/li><li>GESTI\u00d3N DE PROCESOS<\/li><li>INGENIER\u00cdA ECON\u00d3MICA Y FINANCIERA<\/li><li>GESTI\u00d3N DE PYMES<\/li><li>ERGONOM\u00cdA<\/li><\/ul>\t\t\t\t\t\t\t\t<\/div>\n\t\t\t\t<\/div>\n\t\t\t\t<\/div>\n\t\t<div class=\"elementor-element elementor-element-88d2058 e-con-full e-flex e-con e-child\" data-id=\"88d2058\" data-element_type=\"container\">\n\t\t\t\t<div class=\"elementor-element elementor-element-6ffc19d elementor-widget elementor-widget-text-editor\" data-id=\"6ffc19d\" data-element_type=\"widget\" data-widget_type=\"text-editor.default\">\n\t\t\t\t<div class=\"elementor-widget-container\">\n\t\t\t\t\t\t\t\t\t<p style=\"text-align: center;\"><strong>VIII CICLO<\/strong><\/p><ul><li>LOG\u00cdSTICA<\/li><li>INVESTIGACI\u00d3N DE OPERACIONES II<\/li><li>INGENIER\u00cdA AMBIENTAL<\/li><li>PLANEAMIENTO Y CONTROL DE OPERACIONES<\/li><li>CONTROL DE CALIDAD<\/li><li>DISE\u00d1O DE PRODUCTOS<\/li><li>PR\u00c1CTICAS PRE PROFESIONALES<\/li><li>INNOVACI\u00d3N Y EMPRENDIMIENTO DE EMPRESAS<\/li><li>TECNOLOG\u00cdAS INDUSTRIALES<\/li><\/ul>\t\t\t\t\t\t\t\t<\/div>\n\t\t\t\t<\/div>\n\t\t\t\t<\/div>\n\t\t\t\t\t<\/div>\n\t\t\t\t<\/div>\n\t\t<div class=\"elementor-element elementor-element-c3b996c e-flex e-con-boxed e-con e-parent\" data-id=\"c3b996c\" data-element_type=\"container\">\n\t\t\t\t\t<div class=\"e-con-inner\">\n\t\t\t\t<div class=\"elementor-element elementor-element-5e9b4fa elementor-widget-divider--view-line elementor-widget elementor-widget-divider\" data-id=\"5e9b4fa\" data-element_type=\"widget\" data-widget_type=\"divider.default\">\n\t\t\t\t<div class=\"elementor-widget-container\">\n\t\t\t\t\t\t\t<div class=\"elementor-divider\">\n\t\t\t<span class=\"elementor-divider-separator\">\n\t\t\t\t\t\t<\/span>\n\t\t<\/div>\n\t\t\t\t\t\t<\/div>\n\t\t\t\t<\/div>\n\t\t\t\t\t<\/div>\n\t\t\t\t<\/div>\n\t\t<div class=\"elementor-element elementor-element-288349e e-flex e-con-boxed e-con e-parent\" data-id=\"288349e\" data-element_type=\"container\">\n\t\t\t\t\t<div class=\"e-con-inner\">\n\t\t<div class=\"elementor-element elementor-element-48d816f e-con-full e-flex e-con e-child\" data-id=\"48d816f\" data-element_type=\"container\">\n\t\t\t\t<div class=\"elementor-element elementor-element-b78c205 elementor-widget elementor-widget-text-editor\" data-id=\"b78c205\" data-element_type=\"widget\" data-widget_type=\"text-editor.default\">\n\t\t\t\t<div class=\"elementor-widget-container\">\n\t\t\t\t\t\t\t\t\t<p style=\"text-align: center;\"><strong>IX CICLO<\/strong><\/p><ul><li>SIMULACI\u00d3N DE SISTEMAS<\/li><li>GESTI\u00d3N DE LA CALIDAD<\/li><li>INGENIER\u00cdA DE SOFTWARE<\/li><li>FORMULACI\u00d3N Y EVALUACI\u00d3N DE PROYECTOS<\/li><li>SISTEMAS INTEGRADOS DE GESTI\u00d3N<\/li><li>SISTEMAS DE PRODUCCI\u00d3N AVANZADOS<\/li><li>GESTI\u00d3N DE MANTENIMIENTO<\/li><li>COMERCIO INTERNACIONAL<\/li><\/ul>\t\t\t\t\t\t\t\t<\/div>\n\t\t\t\t<\/div>\n\t\t\t\t<\/div>\n\t\t<div class=\"elementor-element elementor-element-61ce120 e-con-full e-flex e-con e-child\" data-id=\"61ce120\" data-element_type=\"container\">\n\t\t\t\t<div class=\"elementor-element elementor-element-53833ed elementor-widget elementor-widget-text-editor\" data-id=\"53833ed\" data-element_type=\"widget\" data-widget_type=\"text-editor.default\">\n\t\t\t\t<div class=\"elementor-widget-container\">\n\t\t\t\t\t\t\t\t\t<p style=\"text-align: center;\"><strong>X CICLO<\/strong><\/p><ul><li>GESTI\u00d3N ESTRAT\u00c9GICA DE ORGANIZACIONES<\/li><li>ADMINISTRACI\u00d3N DE RECURSOS HUMANOS<\/li><li>DISE\u00d1O DE PLANTAS INDUSTRIALES<\/li><li>GERENCIA DE PROYECTOS<\/li><li>TRABAJO DE INVESTIGACI\u00d3N<\/li><li>SISTEMAS DE INFORMACI\u00d3N GERENCIAL<\/li><li>GERENCIA DE OPERACIONES<\/li><li>AUTOMATIZACI\u00d3N Y ROB\u00d3TICA<\/li><li>TALLER DE PROCESOS ERP<\/li><\/ul>\t\t\t\t\t\t\t\t<\/div>\n\t\t\t\t<\/div>\n\t\t\t\t<\/div>\n\t\t<div class=\"elementor-element elementor-element-0980604 e-con-full e-flex e-con e-child\" data-id=\"0980604\" data-element_type=\"container\">\n\t\t\t\t<div class=\"elementor-element elementor-element-b4ed805 elementor-widget elementor-widget-button\" data-id=\"b4ed805\" data-element_type=\"widget\" data-widget_type=\"button.default\">\n\t\t\t\t<div class=\"elementor-widget-container\">\n\t\t\t\t\t\t\t\t\t<div class=\"elementor-button-wrapper\">\n\t\t\t\t\t<a class=\"elementor-button elementor-button-link elementor-size-sm\" href=\"https:\/\/industrial.unitru.edu.pe\/wp-content\/uploads\/2026\/03\/MALLA-CURRICULAR-DE-INGENIERIA-INDUSTRIAL-2026.pdf\">\n\t\t\t\t\t\t<span class=\"elementor-button-content-wrapper\">\n\t\t\t\t\t\t\t\t\t<span class=\"elementor-button-text\">Descarga la malla curricular en PDF<\/span>\n\t\t\t\t\t<\/span>\n\t\t\t\t\t<\/a>\n\t\t\t\t<\/div>\n\t\t\t\t\t\t\t\t<\/div>\n\t\t\t\t<\/div>\n\t\t\t\t<\/div>\n\t\t<div class=\"elementor-element elementor-element-305a9eb e-con-full e-flex e-con e-child\" data-id=\"305a9eb\" data-element_type=\"container\">\n\t\t\t\t<\/div>\n\t\t\t\t\t<\/div>\n\t\t\t\t<\/div>\n\t\t\t\t<\/div>\n\t\t","protected":false},"excerpt":{"rendered":"<p>Malla curricular Cursos por ciclo I CICLO INTRODUCCION A LA INGENIERIA INDUSTRIAL EXPRESION GRAFICA EN INGENIERIA DESARROLLO PERSONAL DESARROLLO DEL PENSAMIENTO L\u00d3GICO MATEM\u00c1TICO LECTURA CR\u00cdTICA Y REDACCI\u00d3N DE TEXTOS ACAD\u00c9MICOS INTRODUCCION AL ANALISIS MATEMATICO QU\u00cdMICA GENERAL TALLER DE TECNICAS DE COMUNICACION EFICAZ TALLER DE M\u00daSICA TALLER DE LIDERAZGO Y TRABAJO EN EQUIPO TALLER DE DEPORTE [&hellip;]<\/p>\n","protected":false},"author":1,"featured_media":0,"parent":0,"menu_order":0,"comment_status":"closed","ping_status":"closed","template":"","meta":{"site-sidebar-layout":"no-sidebar","site-content-layout":"page-builder","ast-site-content-layout":"full-width-container","site-content-style":"unboxed","site-sidebar-style":"unboxed","ast-global-header-display":"","ast-banner-title-visibility":"","ast-main-header-display":"","ast-hfb-above-header-display":"","ast-hfb-below-header-display":"","ast-hfb-mobile-header-display":"","site-post-title":"disabled","ast-breadcrumbs-content":"","ast-featured-img":"disabled","footer-sml-layout":"","theme-transparent-header-meta":"","adv-header-id-meta":"","stick-header-meta":"","header-above-stick-meta":"","header-main-stick-meta":"","header-below-stick-meta":"","astra-migrate-meta-layouts":"set","ast-page-background-enabled":"default","ast-page-background-meta":{"desktop":{"background-color":"","background-image":"","background-repeat":"repeat","background-position":"center center","background-size":"auto","background-attachment":"scroll","background-type":"","background-media":"","overlay-type":"","overlay-color":"","overlay-opacity":"","overlay-gradient":""},"tablet":{"background-color":"","background-image":"","background-repeat":"repeat","background-position":"center center","background-size":"auto","background-attachment":"scroll","background-type":"","background-media":"","overlay-type":"","overlay-color":"","overlay-opacity":"","overlay-gradient":""},"mobile":{"background-color":"","background-image":"","background-repeat":"repeat","background-position":"center center","background-size":"auto","background-attachment":"scroll","background-type":"","background-media":"","overlay-type":"","overlay-color":"","overlay-opacity":"","overlay-gradient":""}},"ast-content-background-meta":{"desktop":{"background-color":"var(--ast-global-color-5)","background-image":"","background-repeat":"repeat","background-position":"center center","background-size":"auto","background-attachment":"scroll","background-type":"","background-media":"","overlay-type":"","overlay-color":"","overlay-opacity":"","overlay-gradient":""},"tablet":{"background-color":"var(--ast-global-color-5)","background-image":"","background-repeat":"repeat","background-position":"center center","background-size":"auto","background-attachment":"scroll","background-type":"","background-media":"","overlay-type":"","overlay-color":"","overlay-opacity":"","overlay-gradient":""},"mobile":{"background-color":"var(--ast-global-color-5)","background-image":"","background-repeat":"repeat","background-position":"center center","background-size":"auto","background-attachment":"scroll","background-type":"","background-media":"","overlay-type":"","overlay-color":"","overlay-opacity":"","overlay-gradient":""}},"footnotes":""},"class_list":["post-1524","page","type-page","status-publish","hentry"],"_links":{"self":[{"href":"https:\/\/industrial.unitru.edu.pe\/index.php\/wp-json\/wp\/v2\/pages\/1524","targetHints":{"allow":["GET"]}}],"collection":[{"href":"https:\/\/industrial.unitru.edu.pe\/index.php\/wp-json\/wp\/v2\/pages"}],"about":[{"href":"https:\/\/industrial.unitru.edu.pe\/index.php\/wp-json\/wp\/v2\/types\/page"}],"author":[{"embeddable":true,"href":"https:\/\/industrial.unitru.edu.pe\/index.php\/wp-json\/wp\/v2\/users\/1"}],"replies":[{"embeddable":true,"href":"https:\/\/industrial.unitru.edu.pe\/index.php\/wp-json\/wp\/v2\/comments?post=1524"}],"version-history":[{"count":84,"href":"https:\/\/industrial.unitru.edu.pe\/index.php\/wp-json\/wp\/v2\/pages\/1524\/revisions"}],"predecessor-version":[{"id":2348,"href":"https:\/\/industrial.unitru.edu.pe\/index.php\/wp-json\/wp\/v2\/pages\/1524\/revisions\/2348"}],"wp:attachment":[{"href":"https:\/\/industrial.unitru.edu.pe\/index.php\/wp-json\/wp\/v2\/media?parent=1524"}],"curies":[{"name":"wp","href":"https:\/\/api.w.org\/{rel}","templated":true}]}}