{"id":22,"date":"2018-02-12T14:48:01","date_gmt":"2018-02-12T14:48:01","guid":{"rendered":"https:\/\/industrial.unitru.edu.pe\/courses\/"},"modified":"2025-04-03T09:19:47","modified_gmt":"2025-04-03T14:19:47","slug":"resultados","status":"publish","type":"page","link":"https:\/\/industrial.unitru.edu.pe\/index.php\/resultados\/","title":{"rendered":"Resultados"},"content":{"rendered":"\t\t<div data-elementor-type=\"wp-post\" data-elementor-id=\"22\" class=\"elementor elementor-22\">\n\t\t\t\t\t\t<section class=\"elementor-section elementor-top-section elementor-element elementor-element-630346dd elementor-section-content-bottom elementor-section-boxed elementor-section-height-default elementor-section-height-default\" data-id=\"630346dd\" data-element_type=\"section\" data-settings=\"{&quot;background_background&quot;:&quot;classic&quot;}\">\n\t\t\t\t\t\t\t<div class=\"elementor-background-overlay\"><\/div>\n\t\t\t\t\t\t\t<div class=\"elementor-container elementor-column-gap-extended\">\n\t\t\t\t\t<div class=\"elementor-column elementor-col-100 elementor-top-column elementor-element elementor-element-3220efa5\" data-id=\"3220efa5\" data-element_type=\"column\">\n\t\t\t<div class=\"elementor-widget-wrap elementor-element-populated\">\n\t\t\t\t\t\t<div class=\"elementor-element elementor-element-6f8ad48e elementor-widget elementor-widget-heading\" data-id=\"6f8ad48e\" data-element_type=\"widget\" data-widget_type=\"heading.default\">\n\t\t\t\t<div class=\"elementor-widget-container\">\n\t\t\t\t\t<h1 class=\"elementor-heading-title elementor-size-default\">Resultados<\/h1>\t\t\t\t<\/div>\n\t\t\t\t<\/div>\n\t\t\t\t\t<\/div>\n\t\t<\/div>\n\t\t\t\t\t<\/div>\n\t\t<\/section>\n\t\t\t\t<section class=\"elementor-section elementor-top-section elementor-element elementor-element-31b71be4 elementor-section-content-middle elementor-section-boxed elementor-section-height-default elementor-section-height-default\" data-id=\"31b71be4\" data-element_type=\"section\">\n\t\t\t\t\t\t<div class=\"elementor-container elementor-column-gap-extended\">\n\t\t\t\t\t<div class=\"elementor-column elementor-col-100 elementor-top-column elementor-element elementor-element-ebf314e\" data-id=\"ebf314e\" data-element_type=\"column\">\n\t\t\t<div class=\"elementor-widget-wrap elementor-element-populated\">\n\t\t\t\t\t\t<div class=\"elementor-element elementor-element-4e756136 elementor-widget elementor-widget-heading\" data-id=\"4e756136\" data-element_type=\"widget\" data-widget_type=\"heading.default\">\n\t\t\t\t<div class=\"elementor-widget-container\">\n\t\t\t\t\t<h2 class=\"elementor-heading-title elementor-size-default\">Nuestras m\u00e9tricas<\/h2>\t\t\t\t<\/div>\n\t\t\t\t<\/div>\n\t\t\t\t<div class=\"elementor-element elementor-element-dd09758 elementor-drop-cap-yes elementor-drop-cap-view-default elementor-widget elementor-widget-text-editor\" data-id=\"dd09758\" data-element_type=\"widget\" data-settings=\"{&quot;drop_cap&quot;:&quot;yes&quot;}\" data-widget_type=\"text-editor.default\">\n\t\t\t\t<div class=\"elementor-widget-container\">\n\t\t\t\t\t\t\t\t\t<p>La Escuela de Ingenier\u00eda Industrial de la Universidad Nacional de Trujillo (UNT) mide sus resultados mediante un enfoque integral que combina indicadores cuantitativos y cualitativos. Se eval\u00faa la\u00a0<strong>empleabilidad de egresados<\/strong>, vinculando su inserci\u00f3n laboral con competencias t\u00e9cnicas adquiridas, y se monitorean m\u00e9tricas como tasas de graduaci\u00f3n, rendimiento acad\u00e9mico y participaci\u00f3n en proyectos de investigaci\u00f3n aplicada. Adem\u00e1s, se considera la\u00a0<strong>acreditaci\u00f3n nacional e internacional<\/strong>, que valida la calidad curricular, y la retroalimentaci\u00f3n de estudiantes y empleadores para ajustar competencias blandas y t\u00e9cnicas. La productividad cient\u00edfica, mediante publicaciones y patentes, junto con la colaboraci\u00f3n industria-academia, reflejan el impacto en el desarrollo socioecon\u00f3mico regional, asegurando una formaci\u00f3n alineada con est\u00e1ndares globales y necesidades locales.<\/p>\t\t\t\t\t\t\t\t<\/div>\n\t\t\t\t<\/div>\n\t\t\t\t<div class=\"elementor-element elementor-element-e105efa elementor-widget-divider--view-line elementor-widget elementor-widget-divider\" data-id=\"e105efa\" data-element_type=\"widget\" data-widget_type=\"divider.default\">\n\t\t\t\t<div class=\"elementor-widget-container\">\n\t\t\t\t\t\t\t<div class=\"elementor-divider\">\n\t\t\t<span class=\"elementor-divider-separator\">\n\t\t\t\t\t\t<\/span>\n\t\t<\/div>\n\t\t\t\t\t\t<\/div>\n\t\t\t\t<\/div>\n\t\t\t\t<section class=\"elementor-section elementor-inner-section elementor-element elementor-element-f4cd93c elementor-section-boxed elementor-section-height-default elementor-section-height-default\" data-id=\"f4cd93c\" data-element_type=\"section\">\n\t\t\t\t\t\t<div class=\"elementor-container elementor-column-gap-default\">\n\t\t\t\t\t<div class=\"elementor-column elementor-col-33 elementor-inner-column elementor-element elementor-element-a4de666\" data-id=\"a4de666\" data-element_type=\"column\">\n\t\t\t<div class=\"elementor-widget-wrap elementor-element-populated\">\n\t\t\t\t\t\t<div class=\"elementor-element elementor-element-50cb6032 elementor-position-top elementor-widget elementor-widget-image-box\" data-id=\"50cb6032\" data-element_type=\"widget\" data-widget_type=\"image-box.default\">\n\t\t\t\t<div class=\"elementor-widget-container\">\n\t\t\t\t\t<div class=\"elementor-image-box-wrapper\"><figure class=\"elementor-image-box-img\"><img fetchpriority=\"high\" decoding=\"async\" width=\"370\" height=\"250\" src=\"https:\/\/industrial.unitru.edu.pe\/wp-content\/uploads\/2025\/03\/ingresantes1.png\" class=\"attachment-large size-large wp-image-1649\" alt=\"\" srcset=\"https:\/\/industrial.unitru.edu.pe\/wp-content\/uploads\/2025\/03\/ingresantes1.png 370w, https:\/\/industrial.unitru.edu.pe\/wp-content\/uploads\/2025\/03\/ingresantes1-300x203.png 300w\" sizes=\"(max-width: 370px) 100vw, 370px\" \/><\/figure><div class=\"elementor-image-box-content\"><h3 class=\"elementor-image-box-title\">Ingresantes<\/h3><p class=\"elementor-image-box-description\">El perfil de ingreso para la carrera de Ingenier\u00eda Industrial en la Universidad Nacional de Trujillo (UNT) se basa en los criterios acad\u00e9micos, habilidades y actitudes que la instituci\u00f3n considera esenciales para el \u00e9xito en el programa.<br><\/p><\/div><\/div>\t\t\t\t<\/div>\n\t\t\t\t<\/div>\n\t\t\t\t<div class=\"elementor-element elementor-element-1ebc83a elementor-widget elementor-widget-button\" data-id=\"1ebc83a\" data-element_type=\"widget\" data-widget_type=\"button.default\">\n\t\t\t\t<div class=\"elementor-widget-container\">\n\t\t\t\t\t\t\t\t\t<div class=\"elementor-button-wrapper\">\n\t\t\t\t\t<a class=\"elementor-button elementor-button-link elementor-size-sm\" href=\"https:\/\/industrial.unitru.edu.pe\/index.php\/matriculados\/\">\n\t\t\t\t\t\t<span class=\"elementor-button-content-wrapper\">\n\t\t\t\t\t\t\t\t\t<span class=\"elementor-button-text\">Ingresa<\/span>\n\t\t\t\t\t<\/span>\n\t\t\t\t\t<\/a>\n\t\t\t\t<\/div>\n\t\t\t\t\t\t\t\t<\/div>\n\t\t\t\t<\/div>\n\t\t\t\t\t<\/div>\n\t\t<\/div>\n\t\t\t\t<div class=\"elementor-column elementor-col-33 elementor-inner-column elementor-element elementor-element-90275c1\" data-id=\"90275c1\" data-element_type=\"column\">\n\t\t\t<div class=\"elementor-widget-wrap elementor-element-populated\">\n\t\t\t\t\t\t<div class=\"elementor-element elementor-element-a4d25f3 elementor-position-top elementor-widget elementor-widget-image-box\" data-id=\"a4d25f3\" data-element_type=\"widget\" data-widget_type=\"image-box.default\">\n\t\t\t\t<div class=\"elementor-widget-container\">\n\t\t\t\t\t<div class=\"elementor-image-box-wrapper\"><figure class=\"elementor-image-box-img\"><img decoding=\"async\" width=\"370\" height=\"250\" src=\"https:\/\/industrial.unitru.edu.pe\/wp-content\/uploads\/2025\/03\/Imagen3-2.jpg\" class=\"attachment-large size-large wp-image-1746\" alt=\"\" srcset=\"https:\/\/industrial.unitru.edu.pe\/wp-content\/uploads\/2025\/03\/Imagen3-2.jpg 370w, https:\/\/industrial.unitru.edu.pe\/wp-content\/uploads\/2025\/03\/Imagen3-2-300x203.jpg 300w\" sizes=\"(max-width: 370px) 100vw, 370px\" \/><\/figure><div class=\"elementor-image-box-content\"><h3 class=\"elementor-image-box-title\">Estudiantes<\/h3><p class=\"elementor-image-box-description\">El perfil de un estudiante de Ingenier\u00eda Industrial suele caracterizarse por una combinaci\u00f3n de habilidades t\u00e9cnicas, anal\u00edticas y de gesti\u00f3n, orientadas a la optimizaci\u00f3n de sistemas y procesos.<br><br><\/p><\/div><\/div>\t\t\t\t<\/div>\n\t\t\t\t<\/div>\n\t\t\t\t<div class=\"elementor-element elementor-element-62ffbca elementor-widget elementor-widget-button\" data-id=\"62ffbca\" data-element_type=\"widget\" data-widget_type=\"button.default\">\n\t\t\t\t<div class=\"elementor-widget-container\">\n\t\t\t\t\t\t\t\t\t<div class=\"elementor-button-wrapper\">\n\t\t\t\t\t<a class=\"elementor-button elementor-button-link elementor-size-sm\" href=\"https:\/\/industrial.unitru.edu.pe\/index.php\/resultado_estudiante\/\">\n\t\t\t\t\t\t<span class=\"elementor-button-content-wrapper\">\n\t\t\t\t\t\t\t\t\t<span class=\"elementor-button-text\">Ingresa<\/span>\n\t\t\t\t\t<\/span>\n\t\t\t\t\t<\/a>\n\t\t\t\t<\/div>\n\t\t\t\t\t\t\t\t<\/div>\n\t\t\t\t<\/div>\n\t\t\t\t\t<\/div>\n\t\t<\/div>\n\t\t\t\t<div class=\"elementor-column elementor-col-33 elementor-inner-column elementor-element elementor-element-79709c27\" data-id=\"79709c27\" data-element_type=\"column\">\n\t\t\t<div class=\"elementor-widget-wrap elementor-element-populated\">\n\t\t\t\t\t\t<div class=\"elementor-element elementor-element-6ab91f9e elementor-position-top elementor-widget elementor-widget-image-box\" data-id=\"6ab91f9e\" data-element_type=\"widget\" data-widget_type=\"image-box.default\">\n\t\t\t\t<div class=\"elementor-widget-container\">\n\t\t\t\t\t<div class=\"elementor-image-box-wrapper\"><figure class=\"elementor-image-box-img\"><img decoding=\"async\" width=\"370\" height=\"250\" src=\"https:\/\/industrial.unitru.edu.pe\/wp-content\/uploads\/2025\/03\/egresados1.png\" class=\"attachment-full size-full wp-image-1647\" alt=\"\" srcset=\"https:\/\/industrial.unitru.edu.pe\/wp-content\/uploads\/2025\/03\/egresados1.png 370w, https:\/\/industrial.unitru.edu.pe\/wp-content\/uploads\/2025\/03\/egresados1-300x203.png 300w\" sizes=\"(max-width: 370px) 100vw, 370px\" \/><\/figure><div class=\"elementor-image-box-content\"><h3 class=\"elementor-image-box-title\">Egresados, graduados <\/h3><p class=\"elementor-image-box-description\">El perfil de egreso de la carrera de Ingenier\u00eda Industrial en la UNT define las competencias y atributos que los estudiantes deben adquirir al culminar sus estudios, prepar\u00e1ndolos para contribuir al desarrollo industrial y social con enfoque sostenible.<\/p><\/div><\/div>\t\t\t\t<\/div>\n\t\t\t\t<\/div>\n\t\t\t\t<div class=\"elementor-element elementor-element-15c370d elementor-widget elementor-widget-button\" data-id=\"15c370d\" data-element_type=\"widget\" data-widget_type=\"button.default\">\n\t\t\t\t<div class=\"elementor-widget-container\">\n\t\t\t\t\t\t\t\t\t<div class=\"elementor-button-wrapper\">\n\t\t\t\t\t<a class=\"elementor-button elementor-button-link elementor-size-sm\" href=\"https:\/\/industrial.unitru.edu.pe\/index.php\/graduados\/\">\n\t\t\t\t\t\t<span class=\"elementor-button-content-wrapper\">\n\t\t\t\t\t\t\t\t\t<span class=\"elementor-button-text\">Ingresa<\/span>\n\t\t\t\t\t<\/span>\n\t\t\t\t\t<\/a>\n\t\t\t\t<\/div>\n\t\t\t\t\t\t\t\t<\/div>\n\t\t\t\t<\/div>\n\t\t\t\t\t<\/div>\n\t\t<\/div>\n\t\t\t\t\t<\/div>\n\t\t<\/section>\n\t\t\t\t<div class=\"elementor-element elementor-element-e956bf1 elementor-widget-divider--view-line elementor-widget elementor-widget-divider\" data-id=\"e956bf1\" data-element_type=\"widget\" data-widget_type=\"divider.default\">\n\t\t\t\t<div class=\"elementor-widget-container\">\n\t\t\t\t\t\t\t<div class=\"elementor-divider\">\n\t\t\t<span class=\"elementor-divider-separator\">\n\t\t\t\t\t\t<\/span>\n\t\t<\/div>\n\t\t\t\t\t\t<\/div>\n\t\t\t\t<\/div>\n\t\t\t\t<section class=\"elementor-section elementor-inner-section elementor-element elementor-element-a9f32fc elementor-section-boxed elementor-section-height-default elementor-section-height-default\" data-id=\"a9f32fc\" data-element_type=\"section\">\n\t\t\t\t\t\t<div class=\"elementor-container elementor-column-gap-default\">\n\t\t\t\t\t<div class=\"elementor-column elementor-col-33 elementor-inner-column elementor-element elementor-element-eaa3fd5\" data-id=\"eaa3fd5\" data-element_type=\"column\">\n\t\t\t<div class=\"elementor-widget-wrap elementor-element-populated\">\n\t\t\t\t\t\t<div class=\"elementor-element elementor-element-f38bb76 elementor-position-top elementor-widget elementor-widget-image-box\" data-id=\"f38bb76\" data-element_type=\"widget\" data-widget_type=\"image-box.default\">\n\t\t\t\t<div class=\"elementor-widget-container\">\n\t\t\t\t\t<div class=\"elementor-image-box-wrapper\"><figure class=\"elementor-image-box-img\"><img loading=\"lazy\" decoding=\"async\" width=\"370\" height=\"250\" src=\"https:\/\/industrial.unitru.edu.pe\/wp-content\/uploads\/2025\/03\/business-3468267_1280.jpg\" class=\"attachment-large size-large wp-image-1716\" alt=\"\" srcset=\"https:\/\/industrial.unitru.edu.pe\/wp-content\/uploads\/2025\/03\/business-3468267_1280.jpg 370w, https:\/\/industrial.unitru.edu.pe\/wp-content\/uploads\/2025\/03\/business-3468267_1280-300x203.jpg 300w\" sizes=\"(max-width: 370px) 100vw, 370px\" \/><\/figure><div class=\"elementor-image-box-content\"><h3 class=\"elementor-image-box-title\">Acreditaci\u00f3n<\/h3><p class=\"elementor-image-box-description\">La acreditaci\u00f3n de nuestra escuela profesional de Ingenier\u00eda Industrial es un proceso de evaluaci\u00f3n externa que certifica que el programa cumple con est\u00e1ndares de calidad establecidos por organismos reconocidos (como ABET, ICACIT o equivalentes).<\/p><\/div><\/div>\t\t\t\t<\/div>\n\t\t\t\t<\/div>\n\t\t\t\t<div class=\"elementor-element elementor-element-c91489a elementor-widget elementor-widget-button\" data-id=\"c91489a\" data-element_type=\"widget\" data-widget_type=\"button.default\">\n\t\t\t\t<div class=\"elementor-widget-container\">\n\t\t\t\t\t\t\t\t\t<div class=\"elementor-button-wrapper\">\n\t\t\t\t\t<a class=\"elementor-button elementor-button-link elementor-size-sm\" href=\"https:\/\/industrial.unitru.edu.pe\/index.php\/acreditacion\/\">\n\t\t\t\t\t\t<span class=\"elementor-button-content-wrapper\">\n\t\t\t\t\t\t\t\t\t<span class=\"elementor-button-text\">Ingresa<\/span>\n\t\t\t\t\t<\/span>\n\t\t\t\t\t<\/a>\n\t\t\t\t<\/div>\n\t\t\t\t\t\t\t\t<\/div>\n\t\t\t\t<\/div>\n\t\t\t\t\t<\/div>\n\t\t<\/div>\n\t\t\t\t<div class=\"elementor-column elementor-col-33 elementor-inner-column elementor-element elementor-element-6868b474\" data-id=\"6868b474\" data-element_type=\"column\">\n\t\t\t<div class=\"elementor-widget-wrap elementor-element-populated\">\n\t\t\t\t\t\t<div class=\"elementor-element elementor-element-40f138c3 elementor-position-top elementor-widget elementor-widget-image-box\" data-id=\"40f138c3\" data-element_type=\"widget\" data-widget_type=\"image-box.default\">\n\t\t\t\t<div class=\"elementor-widget-container\">\n\t\t\t\t\t<div class=\"elementor-image-box-wrapper\"><figure class=\"elementor-image-box-img\"><img loading=\"lazy\" decoding=\"async\" width=\"370\" height=\"250\" src=\"https:\/\/industrial.unitru.edu.pe\/wp-content\/uploads\/2025\/03\/idea-1876658_1280.jpg\" class=\"attachment-full size-full wp-image-1689\" alt=\"\" srcset=\"https:\/\/industrial.unitru.edu.pe\/wp-content\/uploads\/2025\/03\/idea-1876658_1280.jpg 370w, https:\/\/industrial.unitru.edu.pe\/wp-content\/uploads\/2025\/03\/idea-1876658_1280-300x203.jpg 300w\" sizes=\"(max-width: 370px) 100vw, 370px\" \/><\/figure><div class=\"elementor-image-box-content\"><h3 class=\"elementor-image-box-title\">Proyectos de investigaci\u00f3n<\/h3><p class=\"elementor-image-box-description\">Los proyectos de investigaci\u00f3n en la carrera de Ingenier\u00eda Industrial de la Universidad Nacional de Trujillo (UNT) son una parte esencial de la formaci\u00f3n acad\u00e9mica, dise\u00f1ados para integrar conocimientos te\u00f3ricos y aplicados en la soluci\u00f3n de problemas reales del \u00e1mbito industrial.<\/p><\/div><\/div>\t\t\t\t<\/div>\n\t\t\t\t<\/div>\n\t\t\t\t<div class=\"elementor-element elementor-element-1eb25d8 elementor-widget elementor-widget-button\" data-id=\"1eb25d8\" data-element_type=\"widget\" data-widget_type=\"button.default\">\n\t\t\t\t<div class=\"elementor-widget-container\">\n\t\t\t\t\t\t\t\t\t<div class=\"elementor-button-wrapper\">\n\t\t\t\t\t<a class=\"elementor-button elementor-button-link elementor-size-sm\" href=\"#\">\n\t\t\t\t\t\t<span class=\"elementor-button-content-wrapper\">\n\t\t\t\t\t\t\t\t\t<span class=\"elementor-button-text\">Ingresa<\/span>\n\t\t\t\t\t<\/span>\n\t\t\t\t\t<\/a>\n\t\t\t\t<\/div>\n\t\t\t\t\t\t\t\t<\/div>\n\t\t\t\t<\/div>\n\t\t\t\t\t<\/div>\n\t\t<\/div>\n\t\t\t\t<div class=\"elementor-column elementor-col-33 elementor-inner-column elementor-element elementor-element-ba28fdf\" data-id=\"ba28fdf\" data-element_type=\"column\">\n\t\t\t<div class=\"elementor-widget-wrap\">\n\t\t\t\t\t\t\t<\/div>\n\t\t<\/div>\n\t\t\t\t\t<\/div>\n\t\t<\/section>\n\t\t\t\t\t<\/div>\n\t\t<\/div>\n\t\t\t\t\t<\/div>\n\t\t<\/section>\n\t\t\t\t<\/div>\n\t\t","protected":false},"excerpt":{"rendered":"<p>Resultados Nuestras m\u00e9tricas La Escuela de Ingenier\u00eda Industrial de la Universidad Nacional de Trujillo (UNT) mide sus resultados mediante un enfoque integral que combina indicadores cuantitativos y cualitativos. Se eval\u00faa la\u00a0empleabilidad de egresados, vinculando su inserci\u00f3n laboral con competencias t\u00e9cnicas adquiridas, y se monitorean m\u00e9tricas como tasas de graduaci\u00f3n, rendimiento acad\u00e9mico y participaci\u00f3n en proyectos [&hellip;]<\/p>\n","protected":false},"author":1,"featured_media":0,"parent":0,"menu_order":0,"comment_status":"closed","ping_status":"closed","template":"","meta":{"site-sidebar-layout":"no-sidebar","site-content-layout":"page-builder","ast-site-content-layout":"full-width-container","site-content-style":"unboxed","site-sidebar-style":"unboxed","ast-global-header-display":"","ast-banner-title-visibility":"","ast-main-header-display":"","ast-hfb-above-header-display":"","ast-hfb-below-header-display":"","ast-hfb-mobile-header-display":"","site-post-title":"disabled","ast-breadcrumbs-content":"","ast-featured-img":"disabled","footer-sml-layout":"","theme-transparent-header-meta":"","adv-header-id-meta":"","stick-header-meta":"","header-above-stick-meta":"","header-main-stick-meta":"","header-below-stick-meta":"","astra-migrate-meta-layouts":"set","ast-page-background-enabled":"default","ast-page-background-meta":{"desktop":{"background-color":"","background-image":"","background-repeat":"repeat","background-position":"center center","background-size":"auto","background-attachment":"scroll","background-type":"","background-media":"","overlay-type":"","overlay-color":"","overlay-opacity":"","overlay-gradient":""},"tablet":{"background-color":"","background-image":"","background-repeat":"repeat","background-position":"center center","background-size":"auto","background-attachment":"scroll","background-type":"","background-media":"","overlay-type":"","overlay-color":"","overlay-opacity":"","overlay-gradient":""},"mobile":{"background-color":"","background-image":"","background-repeat":"repeat","background-position":"center center","background-size":"auto","background-attachment":"scroll","background-type":"","background-media":"","overlay-type":"","overlay-color":"","overlay-opacity":"","overlay-gradient":""}},"ast-content-background-meta":{"desktop":{"background-color":"var(--ast-global-color-5)","background-image":"","background-repeat":"repeat","background-position":"center center","background-size":"auto","background-attachment":"scroll","background-type":"","background-media":"","overlay-type":"","overlay-color":"","overlay-opacity":"","overlay-gradient":""},"tablet":{"background-color":"var(--ast-global-color-5)","background-image":"","background-repeat":"repeat","background-position":"center center","background-size":"auto","background-attachment":"scroll","background-type":"","background-media":"","overlay-type":"","overlay-color":"","overlay-opacity":"","overlay-gradient":""},"mobile":{"background-color":"var(--ast-global-color-5)","background-image":"","background-repeat":"repeat","background-position":"center center","background-size":"auto","background-attachment":"scroll","background-type":"","background-media":"","overlay-type":"","overlay-color":"","overlay-opacity":"","overlay-gradient":""}},"footnotes":""},"class_list":["post-22","page","type-page","status-publish","hentry"],"_links":{"self":[{"href":"https:\/\/industrial.unitru.edu.pe\/index.php\/wp-json\/wp\/v2\/pages\/22","targetHints":{"allow":["GET"]}}],"collection":[{"href":"https:\/\/industrial.unitru.edu.pe\/index.php\/wp-json\/wp\/v2\/pages"}],"about":[{"href":"https:\/\/industrial.unitru.edu.pe\/index.php\/wp-json\/wp\/v2\/types\/page"}],"author":[{"embeddable":true,"href":"https:\/\/industrial.unitru.edu.pe\/index.php\/wp-json\/wp\/v2\/users\/1"}],"replies":[{"embeddable":true,"href":"https:\/\/industrial.unitru.edu.pe\/index.php\/wp-json\/wp\/v2\/comments?post=22"}],"version-history":[{"count":95,"href":"https:\/\/industrial.unitru.edu.pe\/index.php\/wp-json\/wp\/v2\/pages\/22\/revisions"}],"predecessor-version":[{"id":2041,"href":"https:\/\/industrial.unitru.edu.pe\/index.php\/wp-json\/wp\/v2\/pages\/22\/revisions\/2041"}],"wp:attachment":[{"href":"https:\/\/industrial.unitru.edu.pe\/index.php\/wp-json\/wp\/v2\/media?parent=22"}],"curies":[{"name":"wp","href":"https:\/\/api.w.org\/{rel}","templated":true}]}}