{"id":761,"date":"2024-03-26T00:14:53","date_gmt":"2024-03-26T05:14:53","guid":{"rendered":"https:\/\/industrial.unitru.edu.pe\/?page_id=761"},"modified":"2026-03-05T19:36:41","modified_gmt":"2026-03-06T00:36:41","slug":"matriculados","status":"publish","type":"page","link":"https:\/\/industrial.unitru.edu.pe\/index.php\/matriculados\/","title":{"rendered":"matriculados"},"content":{"rendered":"\t\t<div data-elementor-type=\"wp-post\" data-elementor-id=\"761\" class=\"elementor elementor-761\">\n\t\t\t\t\t\t<section class=\"elementor-section elementor-top-section elementor-element elementor-element-630346dd elementor-section-content-bottom elementor-section-boxed elementor-section-height-default elementor-section-height-default\" data-id=\"630346dd\" data-element_type=\"section\" data-settings=\"{&quot;background_background&quot;:&quot;classic&quot;}\">\n\t\t\t\t\t\t\t<div class=\"elementor-background-overlay\"><\/div>\n\t\t\t\t\t\t\t<div class=\"elementor-container elementor-column-gap-extended\">\n\t\t\t\t\t<div class=\"elementor-column elementor-col-100 elementor-top-column elementor-element elementor-element-3220efa5\" data-id=\"3220efa5\" data-element_type=\"column\">\n\t\t\t<div class=\"elementor-widget-wrap elementor-element-populated\">\n\t\t\t\t\t\t<div class=\"elementor-element elementor-element-6f8ad48e elementor-widget elementor-widget-heading\" data-id=\"6f8ad48e\" data-element_type=\"widget\" data-widget_type=\"heading.default\">\n\t\t\t\t<div class=\"elementor-widget-container\">\n\t\t\t\t\t<h1 class=\"elementor-heading-title elementor-size-default\">Alumnos matriculados\n<\/h1>\t\t\t\t<\/div>\n\t\t\t\t<\/div>\n\t\t\t\t\t<\/div>\n\t\t<\/div>\n\t\t\t\t\t<\/div>\n\t\t<\/section>\n\t\t<div class=\"elementor-element elementor-element-b12a102 e-flex e-con-boxed e-con e-parent\" data-id=\"b12a102\" data-element_type=\"container\">\n\t\t\t\t\t<div class=\"e-con-inner\">\n\t\t\t\t<div class=\"elementor-element elementor-element-bca600f elementor-widget elementor-widget-spacer\" data-id=\"bca600f\" data-element_type=\"widget\" data-widget_type=\"spacer.default\">\n\t\t\t\t<div class=\"elementor-widget-container\">\n\t\t\t\t\t\t\t<div class=\"elementor-spacer\">\n\t\t\t<div class=\"elementor-spacer-inner\"><\/div>\n\t\t<\/div>\n\t\t\t\t\t\t<\/div>\n\t\t\t\t<\/div>\n\t\t\t\t<div class=\"elementor-element elementor-element-c79cd01 elementor-widget elementor-widget-heading\" data-id=\"c79cd01\" data-element_type=\"widget\" data-widget_type=\"heading.default\">\n\t\t\t\t<div class=\"elementor-widget-container\">\n\t\t\t\t\t<h3 class=\"elementor-heading-title elementor-size-default\">N\u00daMERO DE ALUMNOS MATRICULADOS<\/h3>\t\t\t\t<\/div>\n\t\t\t\t<\/div>\n\t\t\t\t\t<\/div>\n\t\t\t\t<\/div>\n\t\t<div class=\"elementor-element elementor-element-29a14ab e-flex e-con-boxed e-con e-parent\" data-id=\"29a14ab\" data-element_type=\"container\">\n\t\t\t\t\t<div class=\"e-con-inner\">\n\t\t\t\t<div class=\"elementor-element elementor-element-ebcf094 elementor-widget elementor-widget-text-editor\" data-id=\"ebcf094\" data-element_type=\"widget\" data-widget_type=\"text-editor.default\">\n\t\t\t\t<div class=\"elementor-widget-container\">\n\t\t\t\t\t\t\t\t\t<table width=\"511\">\n<tbody>\n<tr>\n<td width=\"200\">A\u00d1O ACAD\u00c9MICO<\/td>\n<td width=\"135\">SEMESTRE<\/td>\n<td width=\"176\">TOTAL<\/td>\n<\/tr>\n<tr>\n<td rowspan=\"2\" width=\"200\">2019<\/td>\n<td width=\"135\">2019-I<\/td>\n<td width=\"176\">551<\/td>\n<\/tr>\n<tr>\n<td width=\"135\">2019-II<\/td>\n<td width=\"176\">549<\/td>\n<\/tr>\n<tr>\n<td rowspan=\"2\" width=\"200\">2020<\/td>\n<td width=\"135\">2020-I<\/td>\n<td width=\"176\">568<\/td>\n<\/tr>\n<tr>\n<td width=\"135\">2020-II<\/td>\n<td width=\"176\">552<\/td>\n<\/tr>\n<tr>\n<td rowspan=\"2\" width=\"200\">2021<\/td>\n<td width=\"135\">2021-I<\/td>\n<td width=\"176\">537<\/td>\n<\/tr>\n<tr>\n<td width=\"135\">2021-II<\/td>\n<td width=\"176\">524<\/td>\n<\/tr>\n<tr>\n<td rowspan=\"2\" width=\"200\">2022<\/td>\n<td width=\"135\">2022-I<\/td>\n<td width=\"176\">517<\/td>\n<\/tr>\n<tr>\n<td width=\"135\">2022-II<\/td>\n<td width=\"176\">513<\/td>\n<\/tr>\n<tr>\n<td rowspan=\"2\" width=\"200\">2023<\/td>\n<td width=\"135\">2023-I<\/td>\n<td width=\"176\">517<\/td>\n<\/tr>\n<tr>\n<td width=\"135\">2023-II<\/td>\n<td width=\"176\">507<\/td>\n<\/tr>\n<tr>\n<td rowspan=\"2\" width=\"200\">2024<\/td>\n<td width=\"135\">2024-I<\/td>\n<td width=\"176\">519<\/td>\n<\/tr>\n<tr>\n<td width=\"135\">2024-II<\/td>\n<td width=\"176\">510<\/td>\n<\/tr>\n<tr>\n<td rowspan=\"2\" width=\"200\">2025<\/td>\n<td width=\"135\">2025-I<\/td>\n<td width=\"176\">535<\/td>\n<\/tr>\n<tr>\n<td width=\"135\">2025-II<\/td>\n<td width=\"176\">518<\/td>\n<\/tr>\n<\/tbody>\n<\/table>\t\t\t\t\t\t\t\t<\/div>\n\t\t\t\t<\/div>\n\t\t\t\t\t<\/div>\n\t\t\t\t<\/div>\n\t\t\t\t<\/div>\n\t\t","protected":false},"excerpt":{"rendered":"<p>Alumnos matriculados N\u00daMERO DE ALUMNOS MATRICULADOS A\u00d1O ACAD\u00c9MICO SEMESTRE TOTAL 2019 2019-I 551 2019-II 549 2020 2020-I 568 2020-II 552 2021 2021-I 537 2021-II 524 2022 2022-I 517 2022-II 513 2023 2023-I 517 2023-II 507 2024 2024-I 519 2024-II 510 2025 2025-I 535 2025-II 518<\/p>\n","protected":false},"author":1,"featured_media":0,"parent":0,"menu_order":0,"comment_status":"closed","ping_status":"closed","template":"","meta":{"site-sidebar-layout":"no-sidebar","site-content-layout":"page-builder","ast-site-content-layout":"full-width-container","site-content-style":"unboxed","site-sidebar-style":"unboxed","ast-global-header-display":"","ast-banner-title-visibility":"","ast-main-header-display":"","ast-hfb-above-header-display":"","ast-hfb-below-header-display":"","ast-hfb-mobile-header-display":"","site-post-title":"disabled","ast-breadcrumbs-content":"","ast-featured-img":"disabled","footer-sml-layout":"","theme-transparent-header-meta":"","adv-header-id-meta":"","stick-header-meta":"","header-above-stick-meta":"","header-main-stick-meta":"","header-below-stick-meta":"","astra-migrate-meta-layouts":"set","ast-page-background-enabled":"default","ast-page-background-meta":{"desktop":{"background-color":"","background-image":"","background-repeat":"repeat","background-position":"center center","background-size":"auto","background-attachment":"scroll","background-type":"","background-media":"","overlay-type":"","overlay-color":"","overlay-opacity":"","overlay-gradient":""},"tablet":{"background-color":"","background-image":"","background-repeat":"repeat","background-position":"center center","background-size":"auto","background-attachment":"scroll","background-type":"","background-media":"","overlay-type":"","overlay-color":"","overlay-opacity":"","overlay-gradient":""},"mobile":{"background-color":"","background-image":"","background-repeat":"repeat","background-position":"center center","background-size":"auto","background-attachment":"scroll","background-type":"","background-media":"","overlay-type":"","overlay-color":"","overlay-opacity":"","overlay-gradient":""}},"ast-content-background-meta":{"desktop":{"background-color":"var(--ast-global-color-5)","background-image":"","background-repeat":"repeat","background-position":"center center","background-size":"auto","background-attachment":"scroll","background-type":"","background-media":"","overlay-type":"","overlay-color":"","overlay-opacity":"","overlay-gradient":""},"tablet":{"background-color":"var(--ast-global-color-5)","background-image":"","background-repeat":"repeat","background-position":"center center","background-size":"auto","background-attachment":"scroll","background-type":"","background-media":"","overlay-type":"","overlay-color":"","overlay-opacity":"","overlay-gradient":""},"mobile":{"background-color":"var(--ast-global-color-5)","background-image":"","background-repeat":"repeat","background-position":"center center","background-size":"auto","background-attachment":"scroll","background-type":"","background-media":"","overlay-type":"","overlay-color":"","overlay-opacity":"","overlay-gradient":""}},"footnotes":""},"class_list":["post-761","page","type-page","status-publish","hentry"],"_links":{"self":[{"href":"https:\/\/industrial.unitru.edu.pe\/index.php\/wp-json\/wp\/v2\/pages\/761","targetHints":{"allow":["GET"]}}],"collection":[{"href":"https:\/\/industrial.unitru.edu.pe\/index.php\/wp-json\/wp\/v2\/pages"}],"about":[{"href":"https:\/\/industrial.unitru.edu.pe\/index.php\/wp-json\/wp\/v2\/types\/page"}],"author":[{"embeddable":true,"href":"https:\/\/industrial.unitru.edu.pe\/index.php\/wp-json\/wp\/v2\/users\/1"}],"replies":[{"embeddable":true,"href":"https:\/\/industrial.unitru.edu.pe\/index.php\/wp-json\/wp\/v2\/comments?post=761"}],"version-history":[{"count":44,"href":"https:\/\/industrial.unitru.edu.pe\/index.php\/wp-json\/wp\/v2\/pages\/761\/revisions"}],"predecessor-version":[{"id":2332,"href":"https:\/\/industrial.unitru.edu.pe\/index.php\/wp-json\/wp\/v2\/pages\/761\/revisions\/2332"}],"wp:attachment":[{"href":"https:\/\/industrial.unitru.edu.pe\/index.php\/wp-json\/wp\/v2\/media?parent=761"}],"curies":[{"name":"wp","href":"https:\/\/api.w.org\/{rel}","templated":true}]}}